{"id":588,"date":"2019-11-22T13:35:00","date_gmt":"2019-11-22T13:35:00","guid":{"rendered":"https:\/\/www.cs-cybernetic-systems.de\/?page_id=588"},"modified":"2020-06-30T13:22:34","modified_gmt":"2020-06-30T13:22:34","slug":"geratequalifizierung","status":"publish","type":"page","link":"https:\/\/www.cs-cybernetic-systems.de\/de\/geratequalifizierung","title":{"rendered":"Ger\u00e4tequalifizierung"},"content":{"rendered":"\n<h2><strong>Ger\u00e4tequalifizierung<\/strong><\/h2>\n\n\n\n<p><br>Gem\u00e4\u00df den Spezifikationen der geforderten Regelwerke f\u00fchren wir komplette Zulassungspr\u00fcfungen an elektrischen\/elektronischen Komponenten durch. <br><br>Zu unseren Kunden in diesem Gesch\u00e4ftsfeld z\u00e4hlen die Energiewirtschaft aber auch Messtechnikhersteller die ihre Ger\u00e4te f\u00fcr den Einsatz in Kraftwerksanlagen qualifizieren wollen.<\/p>\n\n\n\n<p><strong>Durchf\u00fchrbare Pr\u00fcfungen<\/strong><\/p>\n\n\n\n<ul><li>Elektrische Pr\u00fcfungen<\/li><li>Temperatur- und Klimapr\u00fcfungen 180 \u00b0C 99% rel. Feuchte<\/li><li>EMV-Pr\u00fcfungen<\/li><li>Mechanische Pr\u00fcfungen mit ein\/mehrachsiger Anregung<\/li><li>Umweltsimulation<\/li><li>Autoklavenpr\u00fcfungen bis 10 bar<\/li><li>Radiologische Pr\u00fcfungen f\u00fcr Gammabestrahlung<\/li><\/ul>\n\n\n\n<p><strong>Eigenes Pr\u00fcflabor f\u00fcr Elektrische Messungen und Klimapr\u00fcfungen<\/strong><\/p>\n\n\n\n<p><strong>Qualifiziert nach KTA 1401<\/strong>  <\/p>\n\n\n\n<div style=\"height:20px\" aria-hidden=\"true\" class=\"wp-block-spacer\"><\/div>\n","protected":false},"excerpt":{"rendered":"<p>Ger\u00e4tequalifizierung Gem\u00e4\u00df den Spezifikationen der geforderten Regelwerke f\u00fchren wir komplette Zulassungspr\u00fcfungen an elektrischen\/elektronischen Komponenten durch. Zu unseren Kunden in diesem Gesch\u00e4ftsfeld z\u00e4hlen die Energiewirtschaft aber auch Messtechnikhersteller die ihre Ger\u00e4te f\u00fcr den Einsatz in Kraftwerksanlagen qualifizieren wollen. Durchf\u00fchrbare Pr\u00fcfungen Elektrische Pr\u00fcfungen Temperatur- und Klimapr\u00fcfungen 180 \u00b0C 99% rel. Feuchte EMV-Pr\u00fcfungen Mechanische Pr\u00fcfungen mit ein\/mehrachsiger Anregung [&hellip;]<\/p>\n","protected":false},"author":1,"featured_media":0,"parent":0,"menu_order":0,"comment_status":"closed","ping_status":"closed","template":"page_AZ_slider_GQ.php","meta":[],"_links":{"self":[{"href":"https:\/\/www.cs-cybernetic-systems.de\/de\/wp-json\/wp\/v2\/pages\/588"}],"collection":[{"href":"https:\/\/www.cs-cybernetic-systems.de\/de\/wp-json\/wp\/v2\/pages"}],"about":[{"href":"https:\/\/www.cs-cybernetic-systems.de\/de\/wp-json\/wp\/v2\/types\/page"}],"author":[{"embeddable":true,"href":"https:\/\/www.cs-cybernetic-systems.de\/de\/wp-json\/wp\/v2\/users\/1"}],"replies":[{"embeddable":true,"href":"https:\/\/www.cs-cybernetic-systems.de\/de\/wp-json\/wp\/v2\/comments?post=588"}],"version-history":[{"count":37,"href":"https:\/\/www.cs-cybernetic-systems.de\/de\/wp-json\/wp\/v2\/pages\/588\/revisions"}],"predecessor-version":[{"id":843,"href":"https:\/\/www.cs-cybernetic-systems.de\/de\/wp-json\/wp\/v2\/pages\/588\/revisions\/843"}],"wp:attachment":[{"href":"https:\/\/www.cs-cybernetic-systems.de\/de\/wp-json\/wp\/v2\/media?parent=588"}],"curies":[{"name":"wp","href":"https:\/\/api.w.org\/{rel}","templated":true}]}}