{"id":585,"date":"2019-11-22T13:34:23","date_gmt":"2019-11-22T13:34:23","guid":{"rendered":"https:\/\/www.cs-cybernetic-systems.de\/?page_id=585"},"modified":"2020-06-30T13:11:16","modified_gmt":"2020-06-30T13:11:16","slug":"pruefsysteme","status":"publish","type":"page","link":"https:\/\/www.cs-cybernetic-systems.de\/de\/pruefsysteme","title":{"rendered":"Pr\u00fcfsysteme"},"content":{"rendered":"\n<h2><strong>Pr\u00fcfsysteme<\/strong><\/h2>\n\n\n\n<p><br>Wir setzen die Anforderungen unserer Kunden zur Automatisierung von  Pr\u00fcfaufgaben in rechnergest\u00fctzte Pr\u00fcfsysteme um. Die Systementwicklung  erfolgt nach h\u00f6chsten Standards, die einer Begutachtung durch externe  Gutachter stand h\u00e4lt. <\/p>\n\n\n\n<ul><li>Mobile Pr\u00fcfst\u00e4nde zur Funktionspr\u00fcfung von druckbeaufschlagten Ger\u00e4ten wie Druckmessumformer, Druckschalter, Manometer<\/li><li>Treppeng\u00e4ngige Pr\u00fcfst\u00e4nde f\u00fcr Druckvorgaben von Unterdruck bis maximal 250 bar \u00dcberdruck<\/li><li>Erweiterungsmodule zur Stammdatenverwaltung und Pr\u00fcfergebnisvisualisierung<\/li><li>Mobiles Pr\u00fcfsystem zur In-System Funktionspr\u00fcfung von digitalen und analogen Baugruppen <\/li><li>Mehrkanalige, vollautomatisierte Pr\u00fcfsysteme zur Pr\u00fcfung komplexer Schaltungsfunktionen in Sicherheitsystemen<\/li><li>Mobiles Pr\u00fcfsystem zur Analyse des Anzugverhaltens von Gro\u00dfventileinheiten (Critical Valve Testing)<\/li><li>Programmierbare, erweiterbare Baugruppenpr\u00fcfsysteme zur Funktionspr\u00fcfung  elektrischer\/elektronischer Baugruppen (\u00fcber 640 verschiedene Baugruppentypen)<\/li><\/ul>\n\n\n\n<ul><li><strong>Qualifiziert durch den deutschen T\u00dcV<\/strong> <strong>und<\/strong> <strong>zugelassen f\u00fcr den Einsatz in sicherheitstechnisch wichtigen Systemnbereichen in Kraftwerksanlagen<\/strong><\/li><li>Durchg\u00e4ngiges Systemdesign (Entwurf, Programmierung, Validierung) <\/li><li>Datenbankgest\u00fctzt, Archiv zur Langzeitanalyse<\/li><li>Systemnahe Umsetzung in C++, C#, C, Delphi,  auf (Echtzeit)-Unix oder Windows-basierten Betriebssystemen<\/li><li>Busanbindungen Can, I2C, SPI, GPIB, USB, VXI, Ethernet<\/li><li>Eigene Elektronikentwicklung f\u00fcr individuelle Anpassschaltungen, z.B. Signalverst\u00e4rker oder Signalvorverarbeitung durch \u03bcC-Module<\/li><\/ul>\n\n\n\n<div style=\"height:20px\" aria-hidden=\"true\" class=\"wp-block-spacer\"><\/div>\n","protected":false},"excerpt":{"rendered":"<p>Pr\u00fcfsysteme Wir setzen die Anforderungen unserer Kunden zur Automatisierung von Pr\u00fcfaufgaben in rechnergest\u00fctzte Pr\u00fcfsysteme um. Die Systementwicklung erfolgt nach h\u00f6chsten Standards, die einer Begutachtung durch externe Gutachter stand h\u00e4lt. Mobile Pr\u00fcfst\u00e4nde zur Funktionspr\u00fcfung von druckbeaufschlagten Ger\u00e4ten wie Druckmessumformer, Druckschalter, Manometer Treppeng\u00e4ngige Pr\u00fcfst\u00e4nde f\u00fcr Druckvorgaben von Unterdruck bis maximal 250 bar \u00dcberdruck Erweiterungsmodule zur Stammdatenverwaltung und [&hellip;]<\/p>\n","protected":false},"author":1,"featured_media":0,"parent":0,"menu_order":0,"comment_status":"closed","ping_status":"closed","template":"page_AZ_slider_PP.php","meta":[],"_links":{"self":[{"href":"https:\/\/www.cs-cybernetic-systems.de\/de\/wp-json\/wp\/v2\/pages\/585"}],"collection":[{"href":"https:\/\/www.cs-cybernetic-systems.de\/de\/wp-json\/wp\/v2\/pages"}],"about":[{"href":"https:\/\/www.cs-cybernetic-systems.de\/de\/wp-json\/wp\/v2\/types\/page"}],"author":[{"embeddable":true,"href":"https:\/\/www.cs-cybernetic-systems.de\/de\/wp-json\/wp\/v2\/users\/1"}],"replies":[{"embeddable":true,"href":"https:\/\/www.cs-cybernetic-systems.de\/de\/wp-json\/wp\/v2\/comments?post=585"}],"version-history":[{"count":28,"href":"https:\/\/www.cs-cybernetic-systems.de\/de\/wp-json\/wp\/v2\/pages\/585\/revisions"}],"predecessor-version":[{"id":840,"href":"https:\/\/www.cs-cybernetic-systems.de\/de\/wp-json\/wp\/v2\/pages\/585\/revisions\/840"}],"wp:attachment":[{"href":"https:\/\/www.cs-cybernetic-systems.de\/de\/wp-json\/wp\/v2\/media?parent=585"}],"curies":[{"name":"wp","href":"https:\/\/api.w.org\/{rel}","templated":true}]}}