{"id":582,"date":"2019-11-22T13:33:33","date_gmt":"2019-11-22T13:33:33","guid":{"rendered":"https:\/\/www.cs-cybernetic-systems.de\/?page_id=582"},"modified":"2020-07-01T08:13:23","modified_gmt":"2020-07-01T08:13:23","slug":"informationssysteme","status":"publish","type":"page","link":"https:\/\/www.cs-cybernetic-systems.de\/de\/informationssysteme","title":{"rendered":"Informationssysteme"},"content":{"rendered":"\n<h2><strong>Informationssysteme<\/strong><\/h2>\n<p>&nbsp;<\/p>\n\n\n\n<p>In Zusammenarbeit mit deutschen Kernkraftwerksbetreibern wurde ein modulares Informationssystem entwickelt, welches auf die speziellen Anforderungen kerntechnischer Anlagen ausgerichtet ist.<\/p>\n\n\n\n<p>Dieses System ist aktuell in vielen kerntechnischen Anlagen unter dem Namen \u201eVGB-Informationssystem\u201c im Einsatz. Hinweis: VGB ist der technische Verband der Energieanlagen-Betreiber (n\u00e4heres unter <a href=\"https:\/\/www.vgb.org\" target=\"_blank\" rel=\"noreferrer noopener\" aria-label=\"www.vgb.org (opens in a new tab)\">www.vgb.org<\/a>).<\/p>\n\n\n\n<p><strong>Im Vordergrund des Systems stehen sicherheitstechnisch wichtige Ger\u00e4te der Elektro- und Leittechnik.<\/strong><\/p>\n\n\n\n<p>Der Ger\u00e4tekatalog bildet die zentrale Grundlage f\u00fcr alle weiteren Informationen welche ger\u00e4tespezifisch an diesen gekoppelt sind.<\/p>\n\n\n\n<p>Dieser Katalog beinhaltet alle sicherheitstechnisch wichtigen Ger\u00e4te aus dem Bereich der Elektro- und Leittechnik der aktuell beteiligten Anlagen sowie zus\u00e4tzlich auch eine Vielzahl betrieblicher Ger\u00e4te. Der Katalog kann entsprechend den Anforderungen einzelner Anlagen beliebig erweitert werden.<\/p>\n\n\n\n<p>Folgende Zusatzmodule sind mit dem Katalog verkn\u00fcpft:<\/p>\n\n\n\n<ul><li><strong>Qualit\u00e4tsnachweise<\/strong><br>Direkt mit dem Katalog verkn\u00fcpft sind alle verf\u00fcgbaren Nachweise zu den einzelnen Ger\u00e4ten wie beispielsweise Typ-, R\u00fcttel- oder KMV-Pr\u00fcfungen<br><\/li><li><strong>Hersteller-\/ Auftragnehmerliste<\/strong><br>In diesem Bereich werden Hersteller und Lieferanten gef\u00fchrt, welche speziell f\u00fcr den kerntechnischen Markt t\u00e4tig sind. \u00dcber diesen Bereich werden auch die entsprechenden Eignungsbest\u00e4tigungen zur Qualit\u00e4tssicherung z. B. gem\u00e4\u00df Regel KTA 1401 verwaltet.<br><\/li><li><strong>Ausfallstatistik<\/strong><br>In diesem Modul k\u00f6nnen anlagenspezifisch Einsatz- und Ausfallzahlen von Ger\u00e4ten verwaltet und daraus entsprechende Berechnungen abgeleitet werden. <br>Als Erweiterung zu diesem Modul k\u00f6nnen Anlagen sich an einer zentralen Ausfallstatistik beteiligen, \u00fcber welche auf Erfahrungen anderer Anlagen zur\u00fcckgegriffen werden kann.<br><\/li><li><strong>Werkstattbereich<\/strong><br>In das System integriert ist auch ein Verbund von auf den kerntechnischen Bereich spezialisierten Reparaturwerkst\u00e4tten. Diese bieten angepasste L\u00f6sungen f\u00fcr die Reparatur von qualifizierten Ger\u00e4ten. Beispielsweise im Bereich der Ermittlung von Ersatzbauelementen. Einer unserer Kooperationspartner f\u00fcr diesen Bereich ist das Kompetenzzentrum f\u00fcr E\/Leittechnik Teile der EnBW Kernkraft GmbH (n\u00e4heres unter <span style=\"color:#ec9933\" class=\"tadv-color\"><a href=\"https:\/\/www.enbw.com\/reparaturservice\" target=\"_blank\" rel=\"noreferrer noopener\" aria-label=\"www.enbw.com\/reparaturservice (opens in a new tab)\">www.enbw.com\/reparaturservice<\/a><\/span>).<br><\/li><li><strong>Materialbest\u00e4nde<\/strong><br>\u00dcber diesen Bereich werden den beteiligten Konzernen \u00fcbergreifende Informationen \u00fcber Materialbest\u00e4nde zur Verf\u00fcgung gestellt. Wichtiges Hilfsmittel bei nicht mehr beschaffbaren qualifizierten Ger\u00e4ten.<br><\/li><li><strong>Zusatzmodule<\/strong><br>Neben den oben erw\u00e4hnten Standardmodulen stehen ein Vielzahl anlagenspezifischer Zusatzmodule zur Verf\u00fcgung.<\/li><\/ul>\n","protected":false},"excerpt":{"rendered":"<p>In Zusammenarbeit mit deutschen Kernkraftwerksbetreibern wurde ein modulares Informationssystem entwickelt, welches auf die speziellen Anforderungen kerntechnischer Anlagen ausgerichtet ist. Dieses System ist aktuell in vielen kerntechnischen Anlagen unter dem Namen \u201eVGB-Informationssystem\u201c im Einsatz. Hinweis: VGB ist der technische Verband der Energieanlagen-Betreiber (n\u00e4heres unter www.vgb.org). Im Vordergrund des Systems stehen sicherheitstechnisch wichtige Ger\u00e4te der Elektro- und [&hellip;]<\/p>\n","protected":false},"author":1,"featured_media":0,"parent":0,"menu_order":0,"comment_status":"closed","ping_status":"closed","template":"page_AZ_slider_VGBIS.php","meta":[],"_links":{"self":[{"href":"https:\/\/www.cs-cybernetic-systems.de\/de\/wp-json\/wp\/v2\/pages\/582"}],"collection":[{"href":"https:\/\/www.cs-cybernetic-systems.de\/de\/wp-json\/wp\/v2\/pages"}],"about":[{"href":"https:\/\/www.cs-cybernetic-systems.de\/de\/wp-json\/wp\/v2\/types\/page"}],"author":[{"embeddable":true,"href":"https:\/\/www.cs-cybernetic-systems.de\/de\/wp-json\/wp\/v2\/users\/1"}],"replies":[{"embeddable":true,"href":"https:\/\/www.cs-cybernetic-systems.de\/de\/wp-json\/wp\/v2\/comments?post=582"}],"version-history":[{"count":19,"href":"https:\/\/www.cs-cybernetic-systems.de\/de\/wp-json\/wp\/v2\/pages\/582\/revisions"}],"predecessor-version":[{"id":845,"href":"https:\/\/www.cs-cybernetic-systems.de\/de\/wp-json\/wp\/v2\/pages\/582\/revisions\/845"}],"wp:attachment":[{"href":"https:\/\/www.cs-cybernetic-systems.de\/de\/wp-json\/wp\/v2\/media?parent=582"}],"curies":[{"name":"wp","href":"https:\/\/api.w.org\/{rel}","templated":true}]}}