{"id":481,"date":"2019-09-26T08:23:17","date_gmt":"2019-09-26T08:23:17","guid":{"rendered":"https:\/\/www.cs-cybernetic-systems.de\/?page_id=481"},"modified":"2020-06-30T10:10:57","modified_gmt":"2020-06-30T10:10:57","slug":"unternehmen","status":"publish","type":"page","link":"https:\/\/www.cs-cybernetic-systems.de\/de\/unternehmen","title":{"rendered":"Unternehmen"},"content":{"rendered":"\n<p>Langj\u00e4hriger Partner deutscher und internationaler Kernkraftwerke.<\/p>\n\n\n\n<table class=\"wp-block-table is-style-stripes\"><tbody><tr><td width=\"50\" valign=\"top\"><strong>1990<\/strong><\/td><td><strong>Firmengr\u00fcndung<\/strong><\/td><\/tr><tr><td valign=\"top\"><strong>1991<\/strong><\/td><td>Erstellung einer datenbankbasierten Ausfallstatik in <br>Zusammenarbeit mit mehreren deutschen Kernkraftwerken<\/td><\/tr><tr><td valign=\"top\"><strong>1992<\/strong><\/td><td>Beginn der Entwicklung und Qualifizierung von Reaktorschutzpr\u00fcfprogrammen<\/td><\/tr><tr><td valign=\"top\"><strong>1993<\/strong><\/td><td>Entwurf spezialisierter Pr\u00fcfsystemen f\u00fcr den Reaktorschutz<\/td><\/tr><tr><td valign=\"top\"><strong>1994<\/strong><\/td><td>Beginn der Entwicklung eines Informationssystems f\u00fcr Kernkraftwerke (sp\u00e4teres VGB-Infosystem)<\/td><\/tr><tr><td valign=\"top\"><strong>1995<\/strong><\/td><td>Aufbau eines Ger\u00e4tekataloges f\u00fcr sicherheitstechnisch wichtige Komponenten der Elektro- und Leittechnik<\/td><\/tr><tr><td valign=\"top\"><strong>1999<\/strong><\/td><td>Entwicklung einer Pr\u00fcfmittelverwaltung<\/td><\/tr><tr><td valign=\"top\"><strong>2000<\/strong><\/td><td>\u00dcbernahme der zentralen Verwaltungsstelle f\u00fcr die Ger\u00e4tequalifizierung der deutschen Kernkraftwerke. Integration s\u00e4mtlicher anlagen\u00fcbergreifender Nachweise in das VGB-Infosystem<\/td><\/tr><tr><td valign=\"top\"><strong>2001<\/strong><\/td><td>Projekt zur strategischen Ersatzteilhaltung f\u00fcr Bauteile zur langfristigen Sicherstellung der Reparatur von Altger\u00e4ten<\/td><\/tr><tr><td valign=\"top\"><strong>2002<\/strong><\/td><td>Einbindung von Reparaturwerkst\u00e4tten in das VGB-Infosystem<\/td><\/tr><tr><td valign=\"top\"><strong>2003<\/strong><\/td><td>Integration und Verwaltung der KTA1401 Beurteilungen f\u00fcr Hersteller in das VGB-Infosystem. Entwicklung eines Druckpr\u00fcfsystems f\u00fcr den kerntechnischen Bereich.<\/td><\/tr><tr><td valign=\"top\"><strong>2004<\/strong><\/td><td>Aufnahme eines Werkstattmoduls f\u00fcr Reparaturstellen im VGB-Infosystem<\/td><\/tr><tr><td valign=\"top\"><strong>2005<\/strong><\/td><td>Start des Gesch\u00e4ftsfelds Ger\u00e4tequalifizierung mit der KTA RL-Qualifizierung von Druck\/Differenzdruckmessumformern.<br>Internationalisierung Richtung Spanien. Integration einer Bilddatenbank f\u00fcr Whiskeruntersuchungen.<\/td><\/tr><tr><td valign=\"top\"><strong>2006<\/strong><\/td><td>Weiterentwicklung von Reaktorschutzpr\u00fcfprogrammen<\/td><\/tr><tr><td valign=\"top\"><strong>2007<\/strong><\/td><td>Erweiterung in Richtung Argentinien, Schweiz<\/td><\/tr><tr><td valign=\"top\"><strong>2008<\/strong><\/td><td>Erweiterung der Aktivit\u00e4ten nach S\u00fcdamerika, Modul zur Verwaltung von Softwarest\u00e4nden, Aufnahme Lebenslauf qualifizierter Komponenten<\/td><\/tr><tr><td valign=\"top\"><strong>2009<\/strong><\/td><td>Einf\u00fchrung konzern\u00fcbergreifender Standarddaten<\/td><\/tr><tr><td valign=\"top\"><strong>2010<\/strong><\/td><td>Aufnahme Alterungsmanagement in VGBIS, Wissensbasis, Typklassen<\/td><\/tr><tr><td valign=\"top\"><strong>2011<\/strong><\/td><td>Einf\u00fchrung KID Modul<\/td><\/tr><tr><td valign=\"top\"><strong>2012<\/strong><\/td><td>Strategisches Ersatzteilmanagement, Einbindung von Materialbest\u00e4nden. Erweiterung des Alterungsmanagements um Diagnosemethoden, Referenzen und Ma\u00dfnahmen. Einf\u00fchrung einer \u201eMarkt im Markt\u201c WEB-Applikation.<\/td><\/tr><tr><td valign=\"top\"><strong>2013<\/strong><\/td><td>Modul laufzeitabh\u00e4ngige Bedarfsanalyse.<\/td><\/tr><tr><td valign=\"top\"><strong>2014<\/strong><\/td><td>\u00dcbernahme zentrale Ausfallstatistik<\/td><\/tr><tr><td valign=\"top\"><strong>2015<\/strong><\/td><td>Internationale Markt im Markt Applikation<\/td><\/tr><tr><td valign=\"top\"><strong>2016<\/strong><\/td><td>Kabelverwaltungsmodul, \u00dcbernahme der Betreuung des MPA4 Pr\u00fcfsystems<\/td><\/tr><tr><td valign=\"top\"><strong>2017<\/strong><\/td><td>Modul zur Lagerbewertung und Workflowmodul<\/td><\/tr><tr><td valign=\"top\"><strong>2018<\/strong><\/td><td>Projekt zur Poolbildung von Materialdaten<\/td><\/tr><tr><td valign=\"top\"><strong>2019<\/strong><\/td><td>\u00dcbernahme der Betreuung des anlagenspezifischen MESA Projektes<\/td><\/tr><tr><td valign=\"top\"><strong>2020<\/strong><\/td><td>Weitere Internationalisierung<br><strong>30-j\u00e4hriges Bestehen CS<\/strong>.<\/td><\/tr><\/tbody><\/table>\n","protected":false},"excerpt":{"rendered":"<p>Langj\u00e4hriger Partner deutscher und internationaler Kernkraftwerke. 1990 Firmengr\u00fcndung 1991 Erstellung einer datenbankbasierten Ausfallstatik in Zusammenarbeit mit mehreren deutschen Kernkraftwerken 1992 Beginn der Entwicklung und Qualifizierung von Reaktorschutzpr\u00fcfprogrammen 1993 Entwurf spezialisierter Pr\u00fcfsystemen f\u00fcr den Reaktorschutz 1994 Beginn der Entwicklung eines Informationssystems f\u00fcr Kernkraftwerke (sp\u00e4teres VGB-Infosystem) 1995 Aufbau eines Ger\u00e4tekataloges f\u00fcr sicherheitstechnisch wichtige Komponenten der Elektro- und [&hellip;]<\/p>\n","protected":false},"author":1,"featured_media":0,"parent":0,"menu_order":0,"comment_status":"closed","ping_status":"closed","template":"","meta":[],"_links":{"self":[{"href":"https:\/\/www.cs-cybernetic-systems.de\/de\/wp-json\/wp\/v2\/pages\/481"}],"collection":[{"href":"https:\/\/www.cs-cybernetic-systems.de\/de\/wp-json\/wp\/v2\/pages"}],"about":[{"href":"https:\/\/www.cs-cybernetic-systems.de\/de\/wp-json\/wp\/v2\/types\/page"}],"author":[{"embeddable":true,"href":"https:\/\/www.cs-cybernetic-systems.de\/de\/wp-json\/wp\/v2\/users\/1"}],"replies":[{"embeddable":true,"href":"https:\/\/www.cs-cybernetic-systems.de\/de\/wp-json\/wp\/v2\/comments?post=481"}],"version-history":[{"count":37,"href":"https:\/\/www.cs-cybernetic-systems.de\/de\/wp-json\/wp\/v2\/pages\/481\/revisions"}],"predecessor-version":[{"id":822,"href":"https:\/\/www.cs-cybernetic-systems.de\/de\/wp-json\/wp\/v2\/pages\/481\/revisions\/822"}],"wp:attachment":[{"href":"https:\/\/www.cs-cybernetic-systems.de\/de\/wp-json\/wp\/v2\/media?parent=481"}],"curies":[{"name":"wp","href":"https:\/\/api.w.org\/{rel}","templated":true}]}}