{"id":473,"date":"2019-09-26T08:21:12","date_gmt":"2019-09-26T08:21:12","guid":{"rendered":"https:\/\/www.cs-cybernetic-systems.de\/?page_id=473"},"modified":"2020-07-02T07:23:44","modified_gmt":"2020-07-02T07:23:44","slug":"impressum","status":"publish","type":"page","link":"https:\/\/www.cs-cybernetic-systems.de\/de\/impressum","title":{"rendered":"Impressum"},"content":{"rendered":"\n<p>Verantwortlich f\u00fcr den Inhalt:<br><br>CS cybernetic systems GmbH<br>Hundsbergstra\u00dfe 33<br>74076 Heilbronn<br>Gesch\u00e4ftsf\u00fchrung: Dipl. Ing. J\u00fcrgen K. Alber &#038; Dipl. Ing. Thomas Brandt<br>Handelsregister: Amtsgericht Heilbronn HRB Nr. 104362<br>UST.-IdNr. DE 145767843 <br>Steuernummer: 65201 \/ 91185 <br><br>Tel. +49 (0) 71 31 \/ 79 77 78 &#8211; 0<br>E-Mail: <a href=\"mailto:postmaster@cs-cybernetic-systems.de\">postmaster@cs-cybernetic-systems.de<\/a><\/p>\n\n\n\n<p><\/p>\n\n\n\n<h3><strong>Haftungsausschluss<\/strong><\/h3>\n\n\n\n<p><strong>Haftung f\u00fcr Inhalte<\/strong><\/p>\n\n\n\n<p>Als Diensteanbieter sind wir gem\u00e4\u00df \u00a7 7 Abs.1 TMG f\u00fcr eigene Inhalte auf diesen Seiten nach den allgemeinen Gesetzen verantwortlich. Nach \u00a7\u00a7 8 bis 10 TMG sind wir als Diensteanbieter jedoch nicht verpflichtet, \u00fcbermittelte oder gespeicherte fremde Informationen zu \u00fcberwachen oder nach Umst\u00e4nden zu forschen, die auf eine rechtswidrige T\u00e4tigkeit hinweisen. Verpflichtungen zur Entfernung oder Sperrung der Nutzung von Informationen nach den allgemeinen Gesetzen bleiben hiervon unber\u00fchrt. Eine diesbez\u00fcgliche Haftung ist jedoch erst ab dem Zeitpunkt der Kenntnis einer konkreten Rechtsverletzung m\u00f6glich. Bei Bekanntwerden von entsprechenden Rechtsverletzungen werden wir diese Inhalte umgehend entfernen.<\/p>\n\n\n\n<p><strong>Haftung f\u00fcr Links<\/strong><\/p>\n\n\n\n<p>Unser Angebot enth\u00e4lt Links zu externen Webseiten Dritter, auf deren Inhalte wir keinen Einfluss haben. Deshalb k\u00f6nnen wir f\u00fcr diese fremden Inhalte auch keine Gew\u00e4hr \u00fcbernehmen. F\u00fcr die Inhalte der verlinkten Seiten ist stets der jeweilige Anbieter oder Betreiber der Seiten verantwortlich. Die verlinkten Seiten wurden zum Zeitpunkt der Verlinkung auf m\u00f6gliche Rechtsverst\u00f6\u00dfe \u00fcberpr\u00fcft. Rechtswidrige Inhalte waren zum Zeitpunkt der Verlinkung nicht erkennbar. Eine permanente inhaltliche Kontrolle der verlinkten Seiten ist jedoch ohne konkrete Anhaltspunkte einer Rechtsverletzung nicht zumutbar. Bei Bekanntwerden von Rechtsverletzungen werden wir derartige Links umgehend entfernen.<\/p>\n\n\n\n<p><strong>Urheberrecht<\/strong><\/p>\n\n\n\n<p>Die durch die Seitenbetreiber erstellten Inhalte und Werke auf diesen Seiten unterliegen dem deutschen\nUrheberrecht. Die Vervielf\u00e4ltigung, Bearbeitung, Verbreitung und jede Art der Verwertung au\u00dferhalb der\nGrenzen des Urheberrechtes bed\u00fcrfen der schriftlichen Zustimmung des jeweiligen Autors bzw.\nErstellers. Downloads und Kopien dieser Seite sind nur f\u00fcr den privaten, nicht kommerziellen Gebrauch\ngestattet.\n\nSoweit die Inhalte auf dieser Seite nicht vom Betreiber erstellt wurden, werden die Urheberrechte Dritter\nbeachtet. Insbesondere werden Inhalte Dritter als solche gekennzeichnet. Sollten Sie trotzdem auf eine\nUrheberrechtsverletzung aufmerksam werden, bitten wir um einen entsprechenden Hinweis. Bei\nBekanntwerden von Rechtsverletzungen werden wir derartige Inhalte umgehend entfernen.<\/p>\n","protected":false},"excerpt":{"rendered":"<p>Verantwortlich f\u00fcr den Inhalt: CS cybernetic systems GmbHHundsbergstra\u00dfe 3374076 HeilbronnGesch\u00e4ftsf\u00fchrung: Dipl. Ing. J\u00fcrgen K. Alber &#038; Dipl. Ing. Thomas BrandtHandelsregister: Amtsgericht Heilbronn HRB Nr. 104362UST.-IdNr. DE 145767843 Steuernummer: 65201 \/ 91185 Tel. +49 (0) 71 31 \/ 79 77 78 &#8211; 0E-Mail: postmaster@cs-cybernetic-systems.de Haftungsausschluss Haftung f\u00fcr Inhalte Als Diensteanbieter sind wir gem\u00e4\u00df \u00a7 7 Abs.1 [&hellip;]<\/p>\n","protected":false},"author":1,"featured_media":0,"parent":0,"menu_order":0,"comment_status":"closed","ping_status":"closed","template":"","meta":[],"_links":{"self":[{"href":"https:\/\/www.cs-cybernetic-systems.de\/de\/wp-json\/wp\/v2\/pages\/473"}],"collection":[{"href":"https:\/\/www.cs-cybernetic-systems.de\/de\/wp-json\/wp\/v2\/pages"}],"about":[{"href":"https:\/\/www.cs-cybernetic-systems.de\/de\/wp-json\/wp\/v2\/types\/page"}],"author":[{"embeddable":true,"href":"https:\/\/www.cs-cybernetic-systems.de\/de\/wp-json\/wp\/v2\/users\/1"}],"replies":[{"embeddable":true,"href":"https:\/\/www.cs-cybernetic-systems.de\/de\/wp-json\/wp\/v2\/comments?post=473"}],"version-history":[{"count":16,"href":"https:\/\/www.cs-cybernetic-systems.de\/de\/wp-json\/wp\/v2\/pages\/473\/revisions"}],"predecessor-version":[{"id":865,"href":"https:\/\/www.cs-cybernetic-systems.de\/de\/wp-json\/wp\/v2\/pages\/473\/revisions\/865"}],"wp:attachment":[{"href":"https:\/\/www.cs-cybernetic-systems.de\/de\/wp-json\/wp\/v2\/media?parent=473"}],"curies":[{"name":"wp","href":"https:\/\/api.w.org\/{rel}","templated":true}]}}